{"id":11,"date":"2024-07-04T15:50:40","date_gmt":"2024-07-04T13:50:40","guid":{"rendered":"https:\/\/maa-marionbriere.fr\/?page_id=11"},"modified":"2024-08-31T18:05:26","modified_gmt":"2024-08-31T16:05:26","slug":"accueil","status":"publish","type":"page","link":"https:\/\/maa-marionbriere.fr\/","title":{"rendered":"Accueil"},"content":{"rendered":"\n<div class=\"wp-block-cover alignfull\" style=\"min-height:550px;aspect-ratio:unset;\"><span aria-hidden=\"true\" class=\"wp-block-cover__background has-ast-global-color-7-background-color has-background-dim-100 has-background-dim\"><\/span><img loading=\"lazy\" decoding=\"async\" width=\"2560\" height=\"1707\" class=\"wp-block-cover__image-background wp-image-34\" alt=\"\" src=\"http:\/\/maa-marionbriere.fr\/wp-content\/uploads\/2024\/07\/jessica-lewis-thepaintedsquare-fJXv46LT7Xk-unsplash-scaled.jpg\" data-object-fit=\"cover\" srcset=\"https:\/\/maa-marionbriere.fr\/wp-content\/uploads\/2024\/07\/jessica-lewis-thepaintedsquare-fJXv46LT7Xk-unsplash-scaled.jpg 2560w, https:\/\/maa-marionbriere.fr\/wp-content\/uploads\/2024\/07\/jessica-lewis-thepaintedsquare-fJXv46LT7Xk-unsplash-300x200.jpg 300w, https:\/\/maa-marionbriere.fr\/wp-content\/uploads\/2024\/07\/jessica-lewis-thepaintedsquare-fJXv46LT7Xk-unsplash-1024x683.jpg 1024w, https:\/\/maa-marionbriere.fr\/wp-content\/uploads\/2024\/07\/jessica-lewis-thepaintedsquare-fJXv46LT7Xk-unsplash-768x512.jpg 768w, https:\/\/maa-marionbriere.fr\/wp-content\/uploads\/2024\/07\/jessica-lewis-thepaintedsquare-fJXv46LT7Xk-unsplash-1536x1024.jpg 1536w, https:\/\/maa-marionbriere.fr\/wp-content\/uploads\/2024\/07\/jessica-lewis-thepaintedsquare-fJXv46LT7Xk-unsplash-2048x1365.jpg 2048w\" sizes=\"auto, (max-width: 2560px) 100vw, 2560px\" \/><div class=\"wp-block-cover__inner-container is-layout-flow wp-block-cover-is-layout-flow\">\n<div class=\"inherit-container-width wp-block-group alignwide is-layout-constrained wp-block-group-is-layout-constrained\">\n<figure class=\"wp-block-image aligncenter size-full is-resized wp-duotone-grayscale\"><img loading=\"lazy\" decoding=\"async\" width=\"1000\" height=\"552\" src=\"https:\/\/maa-marionbriere.fr\/wp-content\/uploads\/2024\/08\/maa-logo-slogan-1000px.gif\" alt=\"\" class=\"wp-image-74\" style=\"width:329px;height:auto\"\/><\/figure>\n<\/div>\n<\/div><\/div>\n\n\n\n<div class=\"wp-block-group alignwide is-layout-flow wp-block-group-is-layout-flow\" id=\"services\" style=\"margin-top:0;margin-bottom:0;padding-top:57px;padding-right:var(--wp--preset--spacing--60);padding-bottom:83px\">\n<h2 class=\"wp-block-heading has-ast-global-color-7-color has-text-color has-link-color wp-elements-da45ad80162e4acedbd89e6220b120ea\">Services<\/h2>\n\n\n\n<div class=\"wp-block-columns alignfull is-layout-flex wp-container-core-columns-is-layout-60cbf9bb wp-block-columns-is-layout-flex\" style=\"margin-top:50px\">\n<div class=\"wp-block-column is-layout-flow wp-container-core-column-is-layout-6b73ce23 wp-block-column-is-layout-flow\">\n<h3 class=\"wp-block-heading\" style=\"margin-top:16px\">Gestion Administrative<\/h3>\n\n\n\n<ul class=\"wp-block-list\">\n<li>Elaboration, r\u00e9daction, mise en forme de documents<\/li>\n\n\n\n<li>Classement, archivage et num\u00e9risation<\/li>\n\n\n\n<li>Gestion de planning<\/li>\n\n\n\n<li>Saisie de donn\u00e9es<\/li>\n\n\n\n<li>Suivi des dossiers administratifs des salari\u00e9s<\/li>\n<\/ul>\n<\/div>\n\n\n\n<div class=\"wp-block-column is-layout-flow wp-container-core-column-is-layout-6b73ce23 wp-block-column-is-layout-flow\">\n<h3 class=\"wp-block-heading\" style=\"margin-top:16px\">Gestion commerciale<\/h3>\n\n\n\n<ul class=\"wp-block-list\">\n<li>\u00c9laboration de devis<\/li>\n\n\n\n<li>Facturation<\/li>\n\n\n\n<li>Relance clients<\/li>\n\n\n\n<li>Suivi des r\u00e8glements<\/li>\n\n\n\n<li>Paiements des fournisseurs<\/li>\n<\/ul>\n<\/div>\n\n\n\n<div class=\"wp-block-column is-layout-flow wp-container-core-column-is-layout-6b73ce23 wp-block-column-is-layout-flow\">\n<h3 class=\"wp-block-heading\" style=\"margin-top:16px\">Gestion Pr\u00e9 Comptabilit\u00e9<\/h3>\n\n\n\n<ul class=\"wp-block-list\">\n<li>Pr\u00e9paration des documents comptables<\/li>\n\n\n\n<li>Passerelle avec le cabinet comptable<\/li>\n\n\n\n<li>Pointage des factures<\/li>\n\n\n\n<li>Rapprochement bancaire<\/li>\n<\/ul>\n<\/div>\n<\/div>\n<\/div>\n\n\n\n<div class=\"wp-block-group alignfull has-ast-global-color-7-background-color has-background is-layout-constrained wp-container-core-group-is-layout-94d206d0 wp-block-group-is-layout-constrained\" id=\"about\" style=\"padding-top:143px;padding-bottom:144px\">\n<div class=\"wp-block-media-text has-media-on-the-right is-stacked-on-mobile is-vertically-aligned-top\" style=\"grid-template-columns:auto 44%\"><div class=\"wp-block-media-text__content\">\n<div class=\"inherit-container-width wp-block-group is-layout-constrained wp-container-core-group-is-layout-47ce07ec wp-block-group-is-layout-constrained\" style=\"padding-right:80px\">\n<h2 class=\"wp-block-heading has-ast-global-color-8-color has-text-color has-link-color has-x-large-font-size wp-elements-8e6921a94a7bf33cec632a854be800db\" style=\"padding-right:40px\">\u00c0 propos<\/h2>\n\n\n\n<p class=\"has-ast-global-color-8-color has-text-color has-link-color wp-elements-676ed9bfde5c430c9d0b6c6b4571f088\">Dipl\u00f4m\u00e9e d&#8217;un DUT GEA (Gestion des Entreprises et des Administrations) et exp\u00e9riment\u00e9e dans plusieurs domaines d&#8217;activit\u00e9s dont celui de l&#8217;expertise comptable en tant qu&#8217;assistante, je peux prendre en charge la partie administrative de votre activit\u00e9.<\/p>\n\n\n\n<p class=\"has-ast-global-color-8-color has-text-color has-link-color wp-elements-1689b61f86b3289ffd48bc059c31444b\">Install\u00e9e \u00e0 Arbonne (64), j&#8217;interviens sur site ou \u00e0 distance selon vos besoins.<\/p>\n\n\n\n<p class=\"has-black-color has-text-color has-link-color wp-elements-f5ed4e0fb6064a3dda7f451706a66833\">En tant qu&#8217;assistante administrative ind\u00e9pendante, je vous propose une offre de service personnalis\u00e9e sans contrat de travail et sans engagement dans la dur\u00e9e.<\/p>\n\n\n\n<p class=\"has-black-color has-text-color has-link-color wp-elements-d42cd325132b5610ce10668ac3e08360\">La facturation est bas\u00e9e sur le temps pass\u00e9, elle peut \u00eatre \u00e0 l&#8217;heure ou au forfait si vos besoins sont r\u00e9currents toutes les semaines et\/ou mois.<\/p>\n<\/div>\n<\/div><figure class=\"wp-block-media-text__media\"><img loading=\"lazy\" decoding=\"async\" width=\"1024\" height=\"683\" src=\"http:\/\/maa-marionbriere.fr\/wp-content\/uploads\/2024\/07\/jessica-lewis-thepaintedsquare-fJXv46LT7Xk-unsplash-1024x683.jpg\" alt=\"\" class=\"wp-image-34 size-full\" srcset=\"https:\/\/maa-marionbriere.fr\/wp-content\/uploads\/2024\/07\/jessica-lewis-thepaintedsquare-fJXv46LT7Xk-unsplash-1024x683.jpg 1024w, https:\/\/maa-marionbriere.fr\/wp-content\/uploads\/2024\/07\/jessica-lewis-thepaintedsquare-fJXv46LT7Xk-unsplash-300x200.jpg 300w, https:\/\/maa-marionbriere.fr\/wp-content\/uploads\/2024\/07\/jessica-lewis-thepaintedsquare-fJXv46LT7Xk-unsplash-768x512.jpg 768w, https:\/\/maa-marionbriere.fr\/wp-content\/uploads\/2024\/07\/jessica-lewis-thepaintedsquare-fJXv46LT7Xk-unsplash-1536x1024.jpg 1536w, https:\/\/maa-marionbriere.fr\/wp-content\/uploads\/2024\/07\/jessica-lewis-thepaintedsquare-fJXv46LT7Xk-unsplash-2048x1365.jpg 2048w\" sizes=\"auto, (max-width: 1024px) 100vw, 1024px\" \/><\/figure><\/div>\n<\/div>\n\n\n\n<div class=\"wp-block-group alignfull has-ast-global-color-8-color has-ast-global-color-5-background-color has-text-color has-background has-link-color wp-elements-93864423e5881a8974c2ced2067d6c34 is-layout-constrained wp-block-group-is-layout-constrained\" id=\"contact\" style=\"margin-top:0;margin-bottom:0;padding-top:104px;padding-bottom:104px\">\n<h1 class=\"wp-block-heading has-text-align-center has-ast-global-color-8-color has-text-color\" style=\"font-size:30px\">Vous avez un besoin urgent? <br>Un impr\u00e9vu \u00e0 g\u00e9rer? <br>Une organisation \u00e0 revoir?<\/h1>\n\n\n\n<div class=\"wp-block-buttons alignwide is-horizontal is-content-justification-center is-layout-flex wp-container-core-buttons-is-layout-bba8380a wp-block-buttons-is-layout-flex\" style=\"margin-top:50px\">\n<div class=\"wp-block-button has-custom-font-size is-style-fill has-medium-font-size\"><a class=\"wp-block-button__link has-ast-global-color-7-background-color has-background wp-element-button\" href=\"mailto:maa.marionbriere@gmail.com\" style=\"border-style:none;border-width:0px\">Contactez Maa<\/a><\/div>\n\n\n\n<div class=\"wp-block-button has-custom-font-size is-style-outline has-medium-font-size is-style-outline--1\"><a class=\"wp-block-button__link has-black-color has-ast-global-color-5-background-color has-text-color has-background has-link-color wp-element-button\" style=\"border-width:2px\"> 06 85 89 50 58<\/a><\/div>\n<\/div>\n<\/div>\n","protected":false},"excerpt":{"rendered":"<p>Services Gestion Administrative Gestion commerciale Gestion Pr\u00e9 Comptabilit\u00e9 \u00c0 propos Dipl\u00f4m\u00e9e d&#8217;un DUT GEA (Gestion des Entreprises et des Administrations) [&hellip;]<\/p>\n","protected":false},"author":1,"featured_media":0,"parent":0,"menu_order":0,"comment_status":"closed","ping_status":"closed","template":"","meta":{"site-sidebar-layout":"no-sidebar","site-content-layout":"plain-container","ast-site-content-layout":"default","site-content-style":"default","site-sidebar-style":"default","ast-global-header-display":"","ast-banner-title-visibility":"","ast-main-header-display":"","ast-hfb-above-header-display":"","ast-hfb-below-header-display":"","ast-hfb-mobile-header-display":"","site-post-title":"disabled","ast-breadcrumbs-content":"","ast-featured-img":"","footer-sml-layout":"","theme-transparent-header-meta":"enabled","adv-header-id-meta":"","stick-header-meta":"","header-above-stick-meta":"","header-main-stick-meta":"","header-below-stick-meta":"","astra-migrate-meta-layouts":"default","ast-page-background-enabled":"default","ast-page-background-meta":{"desktop":{"background-color":"var(--ast-global-color-4)","background-image":"","background-repeat":"repeat","background-position":"center center","background-size":"auto","background-attachment":"scroll","background-type":"","background-media":"","overlay-type":"","overlay-color":"","overlay-opacity":"","overlay-gradient":""},"tablet":{"background-color":"","background-image":"","background-repeat":"repeat","background-position":"center center","background-size":"auto","background-attachment":"scroll","background-type":"","background-media":"","overlay-type":"","overlay-color":"","overlay-opacity":"","overlay-gradient":""},"mobile":{"background-color":"","background-image":"","background-repeat":"repeat","background-position":"center center","background-size":"auto","background-attachment":"scroll","background-type":"","background-media":"","overlay-type":"","overlay-color":"","overlay-opacity":"","overlay-gradient":""}},"ast-content-background-meta":{"desktop":{"background-color":"var(--ast-global-color-5)","background-image":"","background-repeat":"repeat","background-position":"center center","background-size":"auto","background-attachment":"scroll","background-type":"","background-media":"","overlay-type":"","overlay-color":"","overlay-opacity":"","overlay-gradient":""},"tablet":{"background-color":"var(--ast-global-color-5)","background-image":"","background-repeat":"repeat","background-position":"center center","background-size":"auto","background-attachment":"scroll","background-type":"","background-media":"","overlay-type":"","overlay-color":"","overlay-opacity":"","overlay-gradient":""},"mobile":{"background-color":"var(--ast-global-color-5)","background-image":"","background-repeat":"repeat","background-position":"center center","background-size":"auto","background-attachment":"scroll","background-type":"","background-media":"","overlay-type":"","overlay-color":"","overlay-opacity":"","overlay-gradient":""}},"footnotes":""},"class_list":["post-11","page","type-page","status-publish","hentry"],"_links":{"self":[{"href":"https:\/\/maa-marionbriere.fr\/index.php\/wp-json\/wp\/v2\/pages\/11","targetHints":{"allow":["GET"]}}],"collection":[{"href":"https:\/\/maa-marionbriere.fr\/index.php\/wp-json\/wp\/v2\/pages"}],"about":[{"href":"https:\/\/maa-marionbriere.fr\/index.php\/wp-json\/wp\/v2\/types\/page"}],"author":[{"embeddable":true,"href":"https:\/\/maa-marionbriere.fr\/index.php\/wp-json\/wp\/v2\/users\/1"}],"replies":[{"embeddable":true,"href":"https:\/\/maa-marionbriere.fr\/index.php\/wp-json\/wp\/v2\/comments?post=11"}],"version-history":[{"count":27,"href":"https:\/\/maa-marionbriere.fr\/index.php\/wp-json\/wp\/v2\/pages\/11\/revisions"}],"predecessor-version":[{"id":86,"href":"https:\/\/maa-marionbriere.fr\/index.php\/wp-json\/wp\/v2\/pages\/11\/revisions\/86"}],"wp:attachment":[{"href":"https:\/\/maa-marionbriere.fr\/index.php\/wp-json\/wp\/v2\/media?parent=11"}],"curies":[{"name":"wp","href":"https:\/\/api.w.org\/{rel}","templated":true}]}}